{"id":57,"date":"2026-05-06T09:31:42","date_gmt":"2026-05-06T12:31:42","guid":{"rendered":"http:\/\/casaculturaldopovo.org.br\/?page_id=57"},"modified":"2026-05-06T11:30:59","modified_gmt":"2026-05-06T14:30:59","slug":"servicos","status":"publish","type":"page","link":"https:\/\/casaculturaldopovo.org.br\/?page_id=57","title":{"rendered":"Servi\u00e7os"},"content":{"rendered":"\n<div class=\"wp-block-cover\"><img loading=\"lazy\" decoding=\"async\" width=\"1024\" height=\"683\" class=\"wp-block-cover__image-background wp-image-61 size-large\" alt=\"\" src=\"http:\/\/casaculturaldopovo.org.br\/wp-content\/uploads\/2026\/05\/44-1024x683.png\" data-object-fit=\"cover\" srcset=\"https:\/\/casaculturaldopovo.org.br\/wp-content\/uploads\/2026\/05\/44-1024x683.png 1024w, https:\/\/casaculturaldopovo.org.br\/wp-content\/uploads\/2026\/05\/44-300x200.png 300w, https:\/\/casaculturaldopovo.org.br\/wp-content\/uploads\/2026\/05\/44-768x512.png 768w, https:\/\/casaculturaldopovo.org.br\/wp-content\/uploads\/2026\/05\/44-1536x1024.png 1536w, https:\/\/casaculturaldopovo.org.br\/wp-content\/uploads\/2026\/05\/44-2048x1365.png 2048w\" sizes=\"auto, (max-width: 1024px) 100vw, 1024px\" \/><span aria-hidden=\"true\" class=\"wp-block-cover__background has-background-dim\" style=\"background-color:#966e50\"><\/span><div class=\"wp-block-cover__inner-container is-layout-constrained wp-block-cover-is-layout-constrained\">\n<p><\/p>\n\n\n\n<p><\/p>\n\n\n\n<p><\/p>\n\n\n\n<p><\/p>\n\n\n\n<p><\/p>\n\n\n\n<p class=\"has-text-align-left has-x-large-font-size\">Nossos servi\u00e7os<\/p>\n<\/div><\/div>\n\n\n\n<p><\/p>\n\n\n\n<h2 class=\"wp-block-heading\">Audit\u00f3rio \u2013 Plen\u00e1ria da Casa Cultural do Povo Brasileiro<\/h2>\n\n\n\n<p class=\"has-medium-font-size\">A Plen\u00e1ria da Casa Cultural do Povo Brasileiro \u00e9 um audit\u00f3rio dispon\u00edvel para loca\u00e7\u00e3o, pensado para atender organiza\u00e7\u00f5es, coletivos, associa\u00e7\u00f5es e grupos que desejam realizar debates, reuni\u00f5es, forma\u00e7\u00f5es, apresenta\u00e7\u00f5es culturais, assembleias e demais atividades de car\u00e1ter coletivo.<br>Projetado para oferecer boa visibilidade, conforto e ac\u00fastica, o espa\u00e7o \u00e9 vers\u00e1til e permite diferentes configura\u00e7\u00f5es de montagem. As 100 cadeiras dispon\u00edveis podem ser organizadas em formato de plateia, semic\u00edrculo, banca ou outras disposi\u00e7\u00f5es conforme a necessidade do evento.<\/p>\n\n\n\n<p class=\"has-medium-font-size\">Localiza\u00e7\u00e3o no Pr\u00e9dio<br>O audit\u00f3rio est\u00e1 situado no 2\u00ba andar, com acesso por escada e elevador, garantindo facilidade de circula\u00e7\u00e3o e acessibilidade.<br>&nbsp;Hor\u00e1rio de funcionamento<\/p>\n\n\n\n<ul class=\"wp-block-list\">\n<li class=\"has-medium-font-size\">Segunda a s\u00e1bado: 8h \u00e0s 21h<\/li>\n\n\n\n<li class=\"has-medium-font-size\">Domingo: sob consulta<\/li>\n<\/ul>\n\n\n\n<p class=\"has-medium-font-size\">O contato para loca\u00e7\u00e3o \u00e9 pelo e-mail: casaculturaldopovobrasileiro@gmail.com<\/p>\n\n\n\n<div style=\"height:100px\" aria-hidden=\"true\" class=\"wp-block-spacer\"><\/div>\n\n\n\n<div class=\"wp-block-columns is-layout-flex wp-container-core-columns-is-layout-28f84493 wp-block-columns-is-layout-flex\">\n<div class=\"wp-block-column is-layout-flow wp-block-column-is-layout-flow\">\n<h2 class=\"wp-block-heading\">Capacidade e Estrutura<\/h2>\n<\/div>\n\n\n\n<div class=\"wp-block-column is-layout-flow wp-block-column-is-layout-flow\">\n<ul style=\"border-top-left-radius:56px;border-top-right-radius:56px;border-bottom-left-radius:56px;border-bottom-right-radius:56px\" class=\"wp-block-list has-palette-color-8-color has-vivid-red-background-color has-text-color has-background has-link-color wp-elements-3cf8afc0bf1152d1872a8fdea65415e8\">\n<li class=\"has-medium-font-size\">Capacidade total: at\u00e9 150 pessoas<\/li>\n<\/ul>\n\n\n\n<ul style=\"border-top-left-radius:56px;border-top-right-radius:56px;border-bottom-left-radius:56px;border-bottom-right-radius:56px\" class=\"wp-block-list has-palette-color-8-color has-vivid-red-background-color has-text-color has-background has-link-color has-medium-font-size wp-elements-c15d5f358a3487c9f760b9b2de14e6f8\">\n<li style=\"border-top-left-radius:56px;border-top-right-radius:56px;border-bottom-left-radius:56px;border-bottom-right-radius:56px\">Cadeiras dispon\u00edveis: 100 unidades<\/li>\n<\/ul>\n\n\n\n<ul style=\"border-style:none;border-width:0px;border-top-left-radius:56px;border-top-right-radius:56px;border-bottom-left-radius:56px;border-bottom-right-radius:56px\" class=\"wp-block-list has-palette-color-8-color has-vivid-red-background-color has-text-color has-background has-link-color has-medium-font-size wp-elements-d73afbd49cde237ab28e6f05a9603de3\">\n<li>Equipamentos:\n<ul class=\"wp-block-list\">\n<li style=\"border-top-left-radius:56px;border-top-right-radius:56px;border-bottom-left-radius:56px;border-bottom-right-radius:56px\">Sistema de som com 4 caixas de alta pot\u00eancia<\/li>\n\n\n\n<li style=\"border-top-left-radius:56px;border-top-right-radius:56px;border-bottom-left-radius:56px;border-bottom-right-radius:56px\">Datashow<\/li>\n\n\n\n<li>Tela de proje\u00e7\u00e3o<\/li>\n\n\n\n<li>Microfones (sem fio e com fio, conforme necessidade)<\/li>\n\n\n\n<li>Palco m\u00f3vel<\/li>\n<\/ul>\n<\/li>\n<\/ul>\n<\/div>\n<\/div>\n\n\n\n<div style=\"height:100px\" aria-hidden=\"true\" class=\"wp-block-spacer\"><\/div>\n\n\n\n<figure class=\"wp-block-gallery has-nested-images columns-default is-cropped wp-block-gallery-1 is-layout-flex wp-block-gallery-is-layout-flex\">\n<figure class=\"wp-block-image size-large\"><img loading=\"lazy\" decoding=\"async\" width=\"1024\" height=\"683\" data-id=\"63\" src=\"http:\/\/casaculturaldopovo.org.br\/wp-content\/uploads\/2026\/05\/3-1024x683.png\" alt=\"\" class=\"wp-image-63\" srcset=\"https:\/\/casaculturaldopovo.org.br\/wp-content\/uploads\/2026\/05\/3-1024x683.png 1024w, https:\/\/casaculturaldopovo.org.br\/wp-content\/uploads\/2026\/05\/3-300x200.png 300w, https:\/\/casaculturaldopovo.org.br\/wp-content\/uploads\/2026\/05\/3-768x512.png 768w, https:\/\/casaculturaldopovo.org.br\/wp-content\/uploads\/2026\/05\/3-1536x1024.png 1536w, https:\/\/casaculturaldopovo.org.br\/wp-content\/uploads\/2026\/05\/3-2048x1365.png 2048w\" sizes=\"auto, (max-width: 1024px) 100vw, 1024px\" \/><\/figure>\n\n\n\n<figure class=\"wp-block-image size-large\"><img loading=\"lazy\" decoding=\"async\" width=\"1024\" height=\"683\" data-id=\"65\" src=\"http:\/\/casaculturaldopovo.org.br\/wp-content\/uploads\/2026\/05\/2-1024x683.png\" alt=\"\" class=\"wp-image-65\" srcset=\"https:\/\/casaculturaldopovo.org.br\/wp-content\/uploads\/2026\/05\/2-1024x683.png 1024w, https:\/\/casaculturaldopovo.org.br\/wp-content\/uploads\/2026\/05\/2-300x200.png 300w, https:\/\/casaculturaldopovo.org.br\/wp-content\/uploads\/2026\/05\/2-768x512.png 768w, https:\/\/casaculturaldopovo.org.br\/wp-content\/uploads\/2026\/05\/2-1536x1024.png 1536w, https:\/\/casaculturaldopovo.org.br\/wp-content\/uploads\/2026\/05\/2-2048x1365.png 2048w\" sizes=\"auto, (max-width: 1024px) 100vw, 1024px\" \/><\/figure>\n\n\n\n<figure class=\"wp-block-image size-large\"><img loading=\"lazy\" decoding=\"async\" width=\"1024\" height=\"683\" data-id=\"66\" src=\"http:\/\/casaculturaldopovo.org.br\/wp-content\/uploads\/2026\/05\/5-1024x683.png\" alt=\"\" class=\"wp-image-66\" srcset=\"https:\/\/casaculturaldopovo.org.br\/wp-content\/uploads\/2026\/05\/5-1024x683.png 1024w, https:\/\/casaculturaldopovo.org.br\/wp-content\/uploads\/2026\/05\/5-300x200.png 300w, https:\/\/casaculturaldopovo.org.br\/wp-content\/uploads\/2026\/05\/5-768x512.png 768w, https:\/\/casaculturaldopovo.org.br\/wp-content\/uploads\/2026\/05\/5-1536x1024.png 1536w, https:\/\/casaculturaldopovo.org.br\/wp-content\/uploads\/2026\/05\/5-2048x1365.png 2048w\" sizes=\"auto, (max-width: 1024px) 100vw, 1024px\" \/><\/figure>\n\n\n\n<figure class=\"wp-block-image size-large\"><img loading=\"lazy\" decoding=\"async\" width=\"1024\" height=\"683\" data-id=\"64\" src=\"http:\/\/casaculturaldopovo.org.br\/wp-content\/uploads\/2026\/05\/1-1024x683.png\" alt=\"\" class=\"wp-image-64\" srcset=\"https:\/\/casaculturaldopovo.org.br\/wp-content\/uploads\/2026\/05\/1-1024x683.png 1024w, https:\/\/casaculturaldopovo.org.br\/wp-content\/uploads\/2026\/05\/1-300x200.png 300w, https:\/\/casaculturaldopovo.org.br\/wp-content\/uploads\/2026\/05\/1-768x512.png 768w, https:\/\/casaculturaldopovo.org.br\/wp-content\/uploads\/2026\/05\/1-1536x1024.png 1536w, https:\/\/casaculturaldopovo.org.br\/wp-content\/uploads\/2026\/05\/1-2048x1365.png 2048w\" sizes=\"auto, (max-width: 1024px) 100vw, 1024px\" \/><\/figure>\n\n\n\n<figure class=\"wp-block-image size-large\"><img loading=\"lazy\" decoding=\"async\" width=\"1024\" height=\"683\" data-id=\"68\" src=\"http:\/\/casaculturaldopovo.org.br\/wp-content\/uploads\/2026\/05\/40-1024x683.png\" alt=\"\" class=\"wp-image-68\" srcset=\"https:\/\/casaculturaldopovo.org.br\/wp-content\/uploads\/2026\/05\/40-1024x683.png 1024w, https:\/\/casaculturaldopovo.org.br\/wp-content\/uploads\/2026\/05\/40-300x200.png 300w, https:\/\/casaculturaldopovo.org.br\/wp-content\/uploads\/2026\/05\/40-768x512.png 768w, https:\/\/casaculturaldopovo.org.br\/wp-content\/uploads\/2026\/05\/40-1536x1024.png 1536w, https:\/\/casaculturaldopovo.org.br\/wp-content\/uploads\/2026\/05\/40-2048x1365.png 2048w\" sizes=\"auto, (max-width: 1024px) 100vw, 1024px\" \/><\/figure>\n\n\n\n<figure class=\"wp-block-image size-large\"><img loading=\"lazy\" decoding=\"async\" width=\"1024\" height=\"683\" data-id=\"67\" src=\"http:\/\/casaculturaldopovo.org.br\/wp-content\/uploads\/2026\/05\/43-1024x683.png\" alt=\"\" class=\"wp-image-67\" srcset=\"https:\/\/casaculturaldopovo.org.br\/wp-content\/uploads\/2026\/05\/43-1024x683.png 1024w, https:\/\/casaculturaldopovo.org.br\/wp-content\/uploads\/2026\/05\/43-300x200.png 300w, https:\/\/casaculturaldopovo.org.br\/wp-content\/uploads\/2026\/05\/43-768x512.png 768w, https:\/\/casaculturaldopovo.org.br\/wp-content\/uploads\/2026\/05\/43-1536x1024.png 1536w, https:\/\/casaculturaldopovo.org.br\/wp-content\/uploads\/2026\/05\/43-2048x1365.png 2048w\" sizes=\"auto, (max-width: 1024px) 100vw, 1024px\" \/><\/figure>\n\n\n\n<figure class=\"wp-block-image size-large\"><img loading=\"lazy\" decoding=\"async\" width=\"1024\" height=\"683\" data-id=\"69\" src=\"http:\/\/casaculturaldopovo.org.br\/wp-content\/uploads\/2026\/05\/47-1024x683.png\" alt=\"\" class=\"wp-image-69\" srcset=\"https:\/\/casaculturaldopovo.org.br\/wp-content\/uploads\/2026\/05\/47-1024x683.png 1024w, https:\/\/casaculturaldopovo.org.br\/wp-content\/uploads\/2026\/05\/47-300x200.png 300w, https:\/\/casaculturaldopovo.org.br\/wp-content\/uploads\/2026\/05\/47-768x512.png 768w, https:\/\/casaculturaldopovo.org.br\/wp-content\/uploads\/2026\/05\/47-1536x1024.png 1536w, https:\/\/casaculturaldopovo.org.br\/wp-content\/uploads\/2026\/05\/47-2048x1365.png 2048w\" sizes=\"auto, (max-width: 1024px) 100vw, 1024px\" \/><\/figure>\n\n\n\n<figure class=\"wp-block-image size-large\"><img loading=\"lazy\" decoding=\"async\" width=\"1024\" height=\"683\" data-id=\"74\" src=\"http:\/\/casaculturaldopovo.org.br\/wp-content\/uploads\/2026\/05\/48-1024x683.png\" alt=\"\" class=\"wp-image-74\" srcset=\"https:\/\/casaculturaldopovo.org.br\/wp-content\/uploads\/2026\/05\/48-1024x683.png 1024w, https:\/\/casaculturaldopovo.org.br\/wp-content\/uploads\/2026\/05\/48-300x200.png 300w, https:\/\/casaculturaldopovo.org.br\/wp-content\/uploads\/2026\/05\/48-768x512.png 768w, https:\/\/casaculturaldopovo.org.br\/wp-content\/uploads\/2026\/05\/48-1536x1024.png 1536w, https:\/\/casaculturaldopovo.org.br\/wp-content\/uploads\/2026\/05\/48-2048x1365.png 2048w\" sizes=\"auto, (max-width: 1024px) 100vw, 1024px\" \/><\/figure>\n\n\n\n<figure class=\"wp-block-image size-large\"><img loading=\"lazy\" decoding=\"async\" width=\"1024\" height=\"683\" data-id=\"72\" src=\"http:\/\/casaculturaldopovo.org.br\/wp-content\/uploads\/2026\/05\/44-1-1024x683.png\" alt=\"\" class=\"wp-image-72\" srcset=\"https:\/\/casaculturaldopovo.org.br\/wp-content\/uploads\/2026\/05\/44-1-1024x683.png 1024w, https:\/\/casaculturaldopovo.org.br\/wp-content\/uploads\/2026\/05\/44-1-300x200.png 300w, https:\/\/casaculturaldopovo.org.br\/wp-content\/uploads\/2026\/05\/44-1-768x512.png 768w, https:\/\/casaculturaldopovo.org.br\/wp-content\/uploads\/2026\/05\/44-1-1536x1024.png 1536w, https:\/\/casaculturaldopovo.org.br\/wp-content\/uploads\/2026\/05\/44-1-2048x1365.png 2048w\" sizes=\"auto, (max-width: 1024px) 100vw, 1024px\" \/><\/figure>\n\n\n\n<figure class=\"wp-block-image size-large\"><img loading=\"lazy\" decoding=\"async\" width=\"1024\" height=\"683\" data-id=\"70\" src=\"http:\/\/casaculturaldopovo.org.br\/wp-content\/uploads\/2026\/05\/41-1024x683.png\" alt=\"\" class=\"wp-image-70\" srcset=\"https:\/\/casaculturaldopovo.org.br\/wp-content\/uploads\/2026\/05\/41-1024x683.png 1024w, https:\/\/casaculturaldopovo.org.br\/wp-content\/uploads\/2026\/05\/41-300x200.png 300w, https:\/\/casaculturaldopovo.org.br\/wp-content\/uploads\/2026\/05\/41-768x512.png 768w, https:\/\/casaculturaldopovo.org.br\/wp-content\/uploads\/2026\/05\/41-1536x1024.png 1536w, https:\/\/casaculturaldopovo.org.br\/wp-content\/uploads\/2026\/05\/41-2048x1365.png 2048w\" sizes=\"auto, (max-width: 1024px) 100vw, 1024px\" \/><\/figure>\n\n\n\n<figure class=\"wp-block-image size-large\"><img loading=\"lazy\" decoding=\"async\" width=\"1024\" height=\"683\" data-id=\"71\" src=\"http:\/\/casaculturaldopovo.org.br\/wp-content\/uploads\/2026\/05\/42-1024x683.png\" alt=\"\" class=\"wp-image-71\" srcset=\"https:\/\/casaculturaldopovo.org.br\/wp-content\/uploads\/2026\/05\/42-1024x683.png 1024w, https:\/\/casaculturaldopovo.org.br\/wp-content\/uploads\/2026\/05\/42-300x200.png 300w, https:\/\/casaculturaldopovo.org.br\/wp-content\/uploads\/2026\/05\/42-768x512.png 768w, https:\/\/casaculturaldopovo.org.br\/wp-content\/uploads\/2026\/05\/42-1536x1024.png 1536w, https:\/\/casaculturaldopovo.org.br\/wp-content\/uploads\/2026\/05\/42-2048x1365.png 2048w\" sizes=\"auto, (max-width: 1024px) 100vw, 1024px\" \/><\/figure>\n\n\n\n<figure class=\"wp-block-image size-large\"><img loading=\"lazy\" decoding=\"async\" width=\"1024\" height=\"683\" data-id=\"73\" src=\"http:\/\/casaculturaldopovo.org.br\/wp-content\/uploads\/2026\/05\/49-1024x683.png\" alt=\"\" class=\"wp-image-73\" srcset=\"https:\/\/casaculturaldopovo.org.br\/wp-content\/uploads\/2026\/05\/49-1024x683.png 1024w, https:\/\/casaculturaldopovo.org.br\/wp-content\/uploads\/2026\/05\/49-300x200.png 300w, https:\/\/casaculturaldopovo.org.br\/wp-content\/uploads\/2026\/05\/49-768x512.png 768w, https:\/\/casaculturaldopovo.org.br\/wp-content\/uploads\/2026\/05\/49-1536x1024.png 1536w, https:\/\/casaculturaldopovo.org.br\/wp-content\/uploads\/2026\/05\/49-2048x1365.png 2048w\" sizes=\"auto, (max-width: 1024px) 100vw, 1024px\" \/><\/figure>\n\n\n\n<figure class=\"wp-block-image size-large\"><img loading=\"lazy\" decoding=\"async\" width=\"1024\" height=\"683\" data-id=\"75\" src=\"http:\/\/casaculturaldopovo.org.br\/wp-content\/uploads\/2026\/05\/50-1024x683.png\" alt=\"\" class=\"wp-image-75\" srcset=\"https:\/\/casaculturaldopovo.org.br\/wp-content\/uploads\/2026\/05\/50-1024x683.png 1024w, https:\/\/casaculturaldopovo.org.br\/wp-content\/uploads\/2026\/05\/50-300x200.png 300w, https:\/\/casaculturaldopovo.org.br\/wp-content\/uploads\/2026\/05\/50-768x512.png 768w, https:\/\/casaculturaldopovo.org.br\/wp-content\/uploads\/2026\/05\/50.png 1536w\" sizes=\"auto, (max-width: 1024px) 100vw, 1024px\" \/><\/figure>\n<\/figure>\n","protected":false},"excerpt":{"rendered":"<p>Audit\u00f3rio \u2013 Plen\u00e1ria da Casa Cultural do Povo Brasileiro A Plen\u00e1ria da Casa Cultural do Povo Brasileiro \u00e9 um audit\u00f3rio dispon\u00edvel para loca\u00e7\u00e3o, pensado para atender organiza\u00e7\u00f5es, coletivos, associa\u00e7\u00f5es e grupos que desejam realizar debates, reuni\u00f5es, forma\u00e7\u00f5es, apresenta\u00e7\u00f5es culturais, assembleias e demais atividades de car\u00e1ter coletivo.Projetado para oferecer boa visibilidade, conforto e ac\u00fastica, o espa\u00e7o [&hellip;]<\/p>\n","protected":false},"author":1,"featured_media":0,"parent":0,"menu_order":2,"comment_status":"closed","ping_status":"closed","template":"","meta":{"footnotes":""},"class_list":["post-57","page","type-page","status-publish","hentry"],"blocksy_meta":[],"_links":{"self":[{"href":"https:\/\/casaculturaldopovo.org.br\/index.php?rest_route=\/wp\/v2\/pages\/57","targetHints":{"allow":["GET"]}}],"collection":[{"href":"https:\/\/casaculturaldopovo.org.br\/index.php?rest_route=\/wp\/v2\/pages"}],"about":[{"href":"https:\/\/casaculturaldopovo.org.br\/index.php?rest_route=\/wp\/v2\/types\/page"}],"author":[{"embeddable":true,"href":"https:\/\/casaculturaldopovo.org.br\/index.php?rest_route=\/wp\/v2\/users\/1"}],"replies":[{"embeddable":true,"href":"https:\/\/casaculturaldopovo.org.br\/index.php?rest_route=%2Fwp%2Fv2%2Fcomments&post=57"}],"version-history":[{"count":3,"href":"https:\/\/casaculturaldopovo.org.br\/index.php?rest_route=\/wp\/v2\/pages\/57\/revisions"}],"predecessor-version":[{"id":77,"href":"https:\/\/casaculturaldopovo.org.br\/index.php?rest_route=\/wp\/v2\/pages\/57\/revisions\/77"}],"wp:attachment":[{"href":"https:\/\/casaculturaldopovo.org.br\/index.php?rest_route=%2Fwp%2Fv2%2Fmedia&parent=57"}],"curies":[{"name":"wp","href":"https:\/\/api.w.org\/{rel}","templated":true}]}}