{"id":48,"date":"2026-05-06T09:31:36","date_gmt":"2026-05-06T12:31:36","guid":{"rendered":"http:\/\/casaculturaldopovo.org.br\/?page_id=48"},"modified":"2026-05-06T21:08:22","modified_gmt":"2026-05-07T00:08:22","slug":"quem-somos-2","status":"publish","type":"page","link":"https:\/\/casaculturaldopovo.org.br\/?page_id=48","title":{"rendered":"Quem somos"},"content":{"rendered":"\n<div class=\"wp-block-cover is-light\" style=\"min-height:684px;aspect-ratio:unset;\"><img loading=\"lazy\" decoding=\"async\" width=\"1024\" height=\"683\" class=\"wp-block-cover__image-background wp-image-50 size-large\" alt=\"\" src=\"http:\/\/casaculturaldopovo.org.br\/wp-content\/uploads\/2026\/04\/34-1-1024x683.png\" data-object-fit=\"cover\" srcset=\"https:\/\/casaculturaldopovo.org.br\/wp-content\/uploads\/2026\/04\/34-1-1024x683.png 1024w, https:\/\/casaculturaldopovo.org.br\/wp-content\/uploads\/2026\/04\/34-1-300x200.png 300w, https:\/\/casaculturaldopovo.org.br\/wp-content\/uploads\/2026\/04\/34-1-768x512.png 768w, https:\/\/casaculturaldopovo.org.br\/wp-content\/uploads\/2026\/04\/34-1-1536x1024.png 1536w, https:\/\/casaculturaldopovo.org.br\/wp-content\/uploads\/2026\/04\/34-1-2048x1365.png 2048w\" sizes=\"auto, (max-width: 1024px) 100vw, 1024px\" \/><span aria-hidden=\"true\" class=\"wp-block-cover__background has-background-dim\" style=\"background-color:#9f8773\"><\/span><div class=\"wp-block-cover__inner-container is-layout-constrained wp-block-cover-is-layout-constrained\">\n<p><\/p>\n\n\n\n<p><\/p>\n\n\n\n<p><\/p>\n\n\n\n<p><\/p>\n\n\n\n<p><\/p>\n\n\n\n<p><\/p>\n\n\n\n<p><\/p>\n\n\n\n<p><\/p>\n\n\n\n<p><\/p>\n\n\n\n<p><\/p>\n\n\n\n<p><\/p>\n\n\n\n<p class=\"has-text-align-left has-palette-color-8-color has-text-color has-link-color has-x-large-font-size wp-elements-b6a795c9d0dfb21036fda240295ed955\">Quem somos<\/p>\n<\/div><\/div>\n\n\n\n<div style=\"height:100px\" aria-hidden=\"true\" class=\"wp-block-spacer\"><\/div>\n\n\n\n<p class=\"has-medium-font-size\">A Casa Carlito Maia \u00e9 um espa\u00e7o multifuncional dispon\u00edvel para organiza\u00e7\u00f5es, movimentos sociais, coletivos e institui\u00e7\u00f5es que buscam um ambiente estruturado para a realiza\u00e7\u00e3o de encontros, eventos e atividades.<\/p>\n\n\n\n<p class=\"has-medium-font-size\">Com uma proposta que integra cultura, forma\u00e7\u00e3o, comunica\u00e7\u00e3o e trabalho coletivo, a Casa oferece infraestrutura adequada para debates, reuni\u00f5es, forma\u00e7\u00f5es, atividades culturais e processos de articula\u00e7\u00e3o social.<\/p>\n\n\n\n<p class=\"has-medium-font-size\">O espa\u00e7o \u00e9 pensado para promover conforto, funcionalidade e flexibilidade, atendendo diferentes formatos de uso e fortalecendo iniciativas comprometidas com impacto social.<\/p>\n\n\n\n<p class=\"has-medium-font-size\">Mais do que um espa\u00e7o f\u00edsico, a Casa se posiciona como um ponto de encontro para quem acredita na constru\u00e7\u00e3o coletiva, na circula\u00e7\u00e3o de conhecimento e na transforma\u00e7\u00e3o da sociedade por meio da a\u00e7\u00e3o organizada.<\/p>\n\n\n\n<div style=\"height:100px\" aria-hidden=\"true\" class=\"wp-block-spacer\"><\/div>\n\n\n\n<div class=\"wp-block-columns is-layout-flex wp-container-core-columns-is-layout-28f84493 wp-block-columns-is-layout-flex\">\n<div class=\"wp-block-column is-layout-flow wp-block-column-is-layout-flow\" style=\"flex-basis:25%\"><\/div>\n\n\n\n<div class=\"wp-block-column is-layout-flow wp-block-column-is-layout-flow\" style=\"flex-basis:50%\">\n<figure class=\"wp-block-image size-large\"><img loading=\"lazy\" decoding=\"async\" width=\"1024\" height=\"683\" src=\"http:\/\/casaculturaldopovo.org.br\/wp-content\/uploads\/2026\/04\/17-1-1024x683.png\" alt=\"\" class=\"wp-image-52\" srcset=\"https:\/\/casaculturaldopovo.org.br\/wp-content\/uploads\/2026\/04\/17-1-1024x683.png 1024w, https:\/\/casaculturaldopovo.org.br\/wp-content\/uploads\/2026\/04\/17-1-300x200.png 300w, https:\/\/casaculturaldopovo.org.br\/wp-content\/uploads\/2026\/04\/17-1-768x512.png 768w, https:\/\/casaculturaldopovo.org.br\/wp-content\/uploads\/2026\/04\/17-1-1536x1024.png 1536w, https:\/\/casaculturaldopovo.org.br\/wp-content\/uploads\/2026\/04\/17-1-2048x1365.png 2048w\" sizes=\"auto, (max-width: 1024px) 100vw, 1024px\" \/><\/figure>\n<\/div>\n\n\n\n<div class=\"wp-block-column is-layout-flow wp-block-column-is-layout-flow\" style=\"flex-basis:25%\"><\/div>\n<\/div>\n\n\n\n<div style=\"height:100px\" aria-hidden=\"true\" class=\"wp-block-spacer\"><\/div>\n\n\n\n<div class=\"wp-block-buttons is-content-justification-center is-layout-flex wp-container-core-buttons-is-layout-a89b3969 wp-block-buttons-is-layout-flex\">\n<div class=\"wp-block-button has-custom-width wp-block-button__width-25\"><a class=\"wp-block-button__link has-medium-font-size has-custom-font-size wp-element-button\" href=\"http:\/\/casaculturaldopovo.org.br\/?page_id=84\">Agende sua visita<\/a><\/div>\n<\/div>\n\n\n\n<p><\/p>\n\n\n\n<h2 class=\"wp-block-heading has-text-align-center has-x-large-font-size\">Organiza\u00e7\u00e3o e Espa\u00e7os da Casa Carlito Maia<\/h2>\n\n\n\n<p class=\"has-text-align-left has-large-font-size\">A Casa Carlito Maia abriga uma diversidade de organiza\u00e7\u00f5es, coletivos e iniciativas comprometidas com a justi\u00e7a social, a produ\u00e7\u00e3o cultural, a forma\u00e7\u00e3o pol\u00edtica e a defesa dos direitos do povo brasileiro. \u00c9 um espa\u00e7o vivo de articula\u00e7\u00e3o, estudo, trabalho, cultura e conviv\u00eancia.&nbsp;<\/p>\n\n\n\n<p class=\"has-large-font-size\">Conhe\u00e7a quem constr\u00f3i diariamente este territ\u00f3rio coletivo:<\/p>\n\n\n\n<div style=\"height:100px\" aria-hidden=\"true\" class=\"wp-block-spacer\"><\/div>\n\n\n\n<div class=\"wp-block-columns is-layout-flex wp-container-core-columns-is-layout-28f84493 wp-block-columns-is-layout-flex\">\n<div class=\"wp-block-column is-layout-flow wp-block-column-is-layout-flow\">\n<h3 class=\"wp-block-heading\">Instituto Tricontinental<\/h3>\n\n\n\n<p>O Instituto Tricontinental \u00e9 um instituto internacional de pesquisa ligado aos movimentos populares do Sul Global, com o objetivo de construir conhecimento a partir da experi\u00eancia das transforma\u00e7\u00f5es sociais e culturais trazidas pelas lutas populares. Temos a finalidade de produzir conhecimento te\u00f3rico a partir da pr\u00e1xis marxista junto \u00e0s organiza\u00e7\u00f5es sociais, al\u00e9m de fazer a ponte entre o universo acad\u00eamico e os movimentos e colocar os povos em di\u00e1logo, apresentando experi\u00eancias concretas de luta, formulando uma teoria do desenvolvimento dos povos e construindo uma an\u00e1lise comum sobre o avan\u00e7o do hiperimperialismo sobre o Sul Global.<\/p>\n\n\n\n<div class=\"wp-block-buttons is-layout-flex wp-block-buttons-is-layout-flex\">\n<div class=\"wp-block-button\"><a class=\"wp-block-button__link wp-element-button\" href=\"https:\/\/thetricontinental.org\/\">Saiba mais<\/a><\/div>\n<\/div>\n<\/div>\n\n\n\n<div class=\"wp-block-column is-layout-flow wp-block-column-is-layout-flow\">\n<figure class=\"wp-block-image aligncenter size-large is-resized\"><img loading=\"lazy\" decoding=\"async\" width=\"1024\" height=\"333\" src=\"http:\/\/casaculturaldopovo.org.br\/wp-content\/uploads\/2026\/05\/Logo_TRICON_PT-1-1024x333.png\" alt=\"\" class=\"wp-image-106\" style=\"aspect-ratio:3.0753814620815305;width:535px;height:auto\" srcset=\"https:\/\/casaculturaldopovo.org.br\/wp-content\/uploads\/2026\/05\/Logo_TRICON_PT-1-1024x333.png 1024w, https:\/\/casaculturaldopovo.org.br\/wp-content\/uploads\/2026\/05\/Logo_TRICON_PT-1-300x97.png 300w, https:\/\/casaculturaldopovo.org.br\/wp-content\/uploads\/2026\/05\/Logo_TRICON_PT-1-768x249.png 768w, https:\/\/casaculturaldopovo.org.br\/wp-content\/uploads\/2026\/05\/Logo_TRICON_PT-1-1536x499.png 1536w, https:\/\/casaculturaldopovo.org.br\/wp-content\/uploads\/2026\/05\/Logo_TRICON_PT-1-2048x665.png 2048w\" sizes=\"auto, (max-width: 1024px) 100vw, 1024px\" \/><\/figure>\n<\/div>\n<\/div>\n\n\n\n<div style=\"height:100px\" aria-hidden=\"true\" class=\"wp-block-spacer\"><\/div>\n\n\n\n<div class=\"wp-block-columns is-layout-flex wp-container-core-columns-is-layout-28f84493 wp-block-columns-is-layout-flex\">\n<div class=\"wp-block-column is-layout-flow wp-block-column-is-layout-flow\">\n<figure class=\"wp-block-image aligncenter size-large is-resized\"><img loading=\"lazy\" decoding=\"async\" width=\"1024\" height=\"488\" src=\"http:\/\/casaculturaldopovo.org.br\/wp-content\/uploads\/2026\/05\/BrCidades-Logo_LogoCompleto-1-1-1024x488.png\" alt=\"\" class=\"wp-image-101\" style=\"aspect-ratio:2.0985236985236986;width:520px;height:auto\" srcset=\"https:\/\/casaculturaldopovo.org.br\/wp-content\/uploads\/2026\/05\/BrCidades-Logo_LogoCompleto-1-1-1024x488.png 1024w, https:\/\/casaculturaldopovo.org.br\/wp-content\/uploads\/2026\/05\/BrCidades-Logo_LogoCompleto-1-1-300x143.png 300w, https:\/\/casaculturaldopovo.org.br\/wp-content\/uploads\/2026\/05\/BrCidades-Logo_LogoCompleto-1-1-768x366.png 768w, https:\/\/casaculturaldopovo.org.br\/wp-content\/uploads\/2026\/05\/BrCidades-Logo_LogoCompleto-1-1-1536x733.png 1536w, https:\/\/casaculturaldopovo.org.br\/wp-content\/uploads\/2026\/05\/BrCidades-Logo_LogoCompleto-1-1-2048x977.png 2048w\" sizes=\"auto, (max-width: 1024px) 100vw, 1024px\" \/><\/figure>\n<\/div>\n\n\n\n<div class=\"wp-block-column is-layout-flow wp-block-column-is-layout-flow\">\n<h3 class=\"wp-block-heading\">BR Cidades<\/h3>\n\n\n\n<p>A Rede BrCidades \u00e9 formada por pesquisadoras, pesquisadores, profissionais e lideran\u00e7as sociais, que atuam em torno da constru\u00e7\u00e3o de um projeto popular de cidade, voltado ao enfrentamento das desigualdades estruturais materializadas no territ\u00f3rio.<br>Por meio de espa\u00e7os formativos que articulam experi\u00eancias populares e saberes acad\u00eamicos, a rede busca fortalecer a organiza\u00e7\u00e3o e a luta nos territ\u00f3rios, atuando por meio de n\u00facleos locais distribu\u00eddos em 19 estados brasileiros e Distrito Federal, em articula\u00e7\u00e3o com movimentos sociais, universidades, coletivos e organiza\u00e7\u00f5es populares.<\/p>\n\n\n\n<div class=\"wp-block-buttons is-layout-flex wp-block-buttons-is-layout-flex\">\n<div class=\"wp-block-button\"><a class=\"wp-block-button__link wp-element-button\" href=\"https:\/\/www.brcidades.org\/\">Saiba mais<\/a><\/div>\n<\/div>\n<\/div>\n<\/div>\n\n\n\n<div style=\"height:100px\" aria-hidden=\"true\" class=\"wp-block-spacer\"><\/div>\n\n\n\n<div class=\"wp-block-columns is-layout-flex wp-container-core-columns-is-layout-28f84493 wp-block-columns-is-layout-flex\">\n<div class=\"wp-block-column is-layout-flow wp-block-column-is-layout-flow\">\n<h3 class=\"wp-block-heading\">ALBA Movimentos<\/h3>\n\n\n\n<p>Articula\u00e7\u00e3o continental de movimentos populares das Am\u00e9ricas, que trabalha pela integra\u00e7\u00e3o dos povos, solidariedade internacional e defesa da soberania latino-americana e caribenha.<\/p>\n\n\n\n<div class=\"wp-block-buttons is-layout-flex wp-block-buttons-is-layout-flex\">\n<div class=\"wp-block-button\"><a class=\"wp-block-button__link wp-element-button\" href=\"https:\/\/albamovimientos.net\/\">Saiba mais<\/a><\/div>\n<\/div>\n<\/div>\n\n\n\n<div class=\"wp-block-column is-layout-flow wp-block-column-is-layout-flow\">\n<figure class=\"wp-block-image size-large\"><img loading=\"lazy\" decoding=\"async\" width=\"1024\" height=\"341\" src=\"http:\/\/casaculturaldopovo.org.br\/wp-content\/uploads\/2026\/05\/ALBA-y-AIP-1024x341.png\" alt=\"\" class=\"wp-image-92\" srcset=\"https:\/\/casaculturaldopovo.org.br\/wp-content\/uploads\/2026\/05\/ALBA-y-AIP-1024x341.png 1024w, https:\/\/casaculturaldopovo.org.br\/wp-content\/uploads\/2026\/05\/ALBA-y-AIP-300x100.png 300w, https:\/\/casaculturaldopovo.org.br\/wp-content\/uploads\/2026\/05\/ALBA-y-AIP-768x256.png 768w, https:\/\/casaculturaldopovo.org.br\/wp-content\/uploads\/2026\/05\/ALBA-y-AIP.png 1500w\" sizes=\"auto, (max-width: 1024px) 100vw, 1024px\" \/><\/figure>\n<\/div>\n<\/div>\n\n\n\n<div style=\"height:100px\" aria-hidden=\"true\" class=\"wp-block-spacer\"><\/div>\n\n\n\n<div class=\"wp-block-columns is-layout-flex wp-container-core-columns-is-layout-28f84493 wp-block-columns-is-layout-flex\">\n<div class=\"wp-block-column is-layout-flow wp-block-column-is-layout-flow\">\n<figure class=\"wp-block-image size-large is-resized\"><img loading=\"lazy\" decoding=\"async\" width=\"1024\" height=\"1024\" src=\"http:\/\/casaculturaldopovo.org.br\/wp-content\/uploads\/2026\/05\/mam-sem-fundo-1-1024x1024.png\" alt=\"\" class=\"wp-image-95\" style=\"width:331px;height:auto\" srcset=\"https:\/\/casaculturaldopovo.org.br\/wp-content\/uploads\/2026\/05\/mam-sem-fundo-1-1024x1024.png 1024w, https:\/\/casaculturaldopovo.org.br\/wp-content\/uploads\/2026\/05\/mam-sem-fundo-1-300x300.png 300w, https:\/\/casaculturaldopovo.org.br\/wp-content\/uploads\/2026\/05\/mam-sem-fundo-1-150x150.png 150w, https:\/\/casaculturaldopovo.org.br\/wp-content\/uploads\/2026\/05\/mam-sem-fundo-1-768x768.png 768w, https:\/\/casaculturaldopovo.org.br\/wp-content\/uploads\/2026\/05\/mam-sem-fundo-1-1536x1536.png 1536w, https:\/\/casaculturaldopovo.org.br\/wp-content\/uploads\/2026\/05\/mam-sem-fundo-1-2048x2048.png 2048w\" sizes=\"auto, (max-width: 1024px) 100vw, 1024px\" \/><\/figure>\n<\/div>\n\n\n\n<div class=\"wp-block-column is-layout-flow wp-block-column-is-layout-flow\">\n<h3 class=\"wp-block-heading\">MAM<\/h3>\n\n\n\n<p>Movimento Pela Soberania Popular da Minera\u00e7\u00e3o luta pela soberania mineral, fiscaliza os impactos da minera\u00e7\u00e3o no Brasil e atua ao lado das popula\u00e7\u00f5es atingidas pela explora\u00e7\u00e3o mineral.<\/p>\n\n\n\n<div class=\"wp-block-buttons is-layout-flex wp-block-buttons-is-layout-flex\">\n<div class=\"wp-block-button\"><a class=\"wp-block-button__link wp-element-button\" href=\"https:\/\/www.mamnacional.org.br\/\">Saiba mais<\/a><\/div>\n<\/div>\n<\/div>\n<\/div>\n\n\n\n<div style=\"height:100px\" aria-hidden=\"true\" class=\"wp-block-spacer\"><\/div>\n\n\n\n<div class=\"wp-block-columns is-layout-flex wp-container-core-columns-is-layout-28f84493 wp-block-columns-is-layout-flex\">\n<div class=\"wp-block-column is-layout-flow wp-block-column-is-layout-flow\">\n<h3 class=\"wp-block-heading\">M\u00e3os Solid\u00e1rias<\/h3>\n\n\n\n<p>Coletivos territoriais que promovem organiza\u00e7\u00e3o comunit\u00e1ria, forma\u00e7\u00e3o pol\u00edtica e mobiliza\u00e7\u00e3o social em busca de direitos, dignidade e participa\u00e7\u00e3o popular.<\/p>\n\n\n\n<div class=\"wp-block-buttons is-layout-flex wp-block-buttons-is-layout-flex\">\n<div class=\"wp-block-button\"><a class=\"wp-block-button__link wp-element-button\" href=\"https:\/\/www.instagram.com\/maossolidariasnacional\/\">Saiba mais<\/a><\/div>\n<\/div>\n<\/div>\n\n\n\n<div class=\"wp-block-column is-layout-flow wp-block-column-is-layout-flow\">\n<figure class=\"wp-block-image size-large\"><img loading=\"lazy\" decoding=\"async\" width=\"1024\" height=\"301\" src=\"http:\/\/casaculturaldopovo.org.br\/wp-content\/uploads\/2026\/05\/Maos-Solidarias-01-1-1024x301.png\" alt=\"\" class=\"wp-image-107\" srcset=\"https:\/\/casaculturaldopovo.org.br\/wp-content\/uploads\/2026\/05\/Maos-Solidarias-01-1-1024x301.png 1024w, https:\/\/casaculturaldopovo.org.br\/wp-content\/uploads\/2026\/05\/Maos-Solidarias-01-1-300x88.png 300w, https:\/\/casaculturaldopovo.org.br\/wp-content\/uploads\/2026\/05\/Maos-Solidarias-01-1-768x225.png 768w, https:\/\/casaculturaldopovo.org.br\/wp-content\/uploads\/2026\/05\/Maos-Solidarias-01-1-1536x451.png 1536w, https:\/\/casaculturaldopovo.org.br\/wp-content\/uploads\/2026\/05\/Maos-Solidarias-01-1-2048x601.png 2048w\" sizes=\"auto, (max-width: 1024px) 100vw, 1024px\" \/><\/figure>\n<\/div>\n<\/div>\n\n\n\n<div style=\"height:100px\" aria-hidden=\"true\" class=\"wp-block-spacer\"><\/div>\n\n\n\n<div class=\"wp-block-columns is-layout-flex wp-container-core-columns-is-layout-28f84493 wp-block-columns-is-layout-flex\">\n<div class=\"wp-block-column is-layout-flow wp-block-column-is-layout-flow\">\n<figure class=\"wp-block-image size-large\"><img loading=\"lazy\" decoding=\"async\" width=\"1024\" height=\"286\" src=\"http:\/\/casaculturaldopovo.org.br\/wp-content\/uploads\/2026\/05\/logotipo-BrasildeFatovermelho-1-1024x286.png\" alt=\"\" class=\"wp-image-104\" srcset=\"https:\/\/casaculturaldopovo.org.br\/wp-content\/uploads\/2026\/05\/logotipo-BrasildeFatovermelho-1-1024x286.png 1024w, https:\/\/casaculturaldopovo.org.br\/wp-content\/uploads\/2026\/05\/logotipo-BrasildeFatovermelho-1-300x84.png 300w, https:\/\/casaculturaldopovo.org.br\/wp-content\/uploads\/2026\/05\/logotipo-BrasildeFatovermelho-1-768x215.png 768w, https:\/\/casaculturaldopovo.org.br\/wp-content\/uploads\/2026\/05\/logotipo-BrasildeFatovermelho-1-1536x429.png 1536w, https:\/\/casaculturaldopovo.org.br\/wp-content\/uploads\/2026\/05\/logotipo-BrasildeFatovermelho-1.png 1925w\" sizes=\"auto, (max-width: 1024px) 100vw, 1024px\" \/><\/figure>\n<\/div>\n\n\n\n<div class=\"wp-block-column is-layout-flow wp-block-column-is-layout-flow\">\n<h3 class=\"wp-block-heading\">Brasil de Fato<\/h3>\n\n\n\n<p>Ve\u00edculo de comunica\u00e7\u00e3o popular que produz jornalismo cr\u00edtico, voltado \u00e0 defesa dos direitos humanos, \u00e0 soberania nacional e \u00e0 luta dos povos.<\/p>\n\n\n\n<div class=\"wp-block-buttons is-layout-flex wp-block-buttons-is-layout-flex\">\n<div class=\"wp-block-button\"><a class=\"wp-block-button__link wp-element-button\" href=\"https:\/\/www.brasildefato.com.br\/\">Saiba mais<\/a><\/div>\n<\/div>\n<\/div>\n<\/div>\n\n\n\n<div style=\"height:100px\" aria-hidden=\"true\" class=\"wp-block-spacer\"><\/div>\n\n\n\n<div class=\"wp-block-columns is-layout-flex wp-container-core-columns-is-layout-28f84493 wp-block-columns-is-layout-flex\">\n<div class=\"wp-block-column is-layout-flow wp-block-column-is-layout-flow\">\n<h3 class=\"wp-block-heading\">CPM\u00eddias<\/h3>\n\n\n\n<p>Coletivo de produ\u00e7\u00e3o audiovisual, comunica\u00e7\u00e3o e registro das lutas populares, atuando na mem\u00f3ria, difus\u00e3o e fortalecimento da narrativa dos movimentos sociais.<\/p>\n\n\n\n<div class=\"wp-block-buttons is-layout-flex wp-block-buttons-is-layout-flex\"><\/div>\n<\/div>\n\n\n\n<div class=\"wp-block-column is-layout-flow wp-block-column-is-layout-flow\">\n<figure class=\"wp-block-image aligncenter size-large is-resized\"><img loading=\"lazy\" decoding=\"async\" width=\"1024\" height=\"542\" src=\"http:\/\/casaculturaldopovo.org.br\/wp-content\/uploads\/2026\/05\/cpmidias_logotipo_rgb-01-1024x542.png\" alt=\"\" class=\"wp-image-100\" style=\"aspect-ratio:1.8893759910456114;width:399px;height:auto\" srcset=\"https:\/\/casaculturaldopovo.org.br\/wp-content\/uploads\/2026\/05\/cpmidias_logotipo_rgb-01-1024x542.png 1024w, https:\/\/casaculturaldopovo.org.br\/wp-content\/uploads\/2026\/05\/cpmidias_logotipo_rgb-01-300x159.png 300w, https:\/\/casaculturaldopovo.org.br\/wp-content\/uploads\/2026\/05\/cpmidias_logotipo_rgb-01-768x406.png 768w, https:\/\/casaculturaldopovo.org.br\/wp-content\/uploads\/2026\/05\/cpmidias_logotipo_rgb-01-1536x813.png 1536w, https:\/\/casaculturaldopovo.org.br\/wp-content\/uploads\/2026\/05\/cpmidias_logotipo_rgb-01-2048x1084.png 2048w\" sizes=\"auto, (max-width: 1024px) 100vw, 1024px\" \/><\/figure>\n<\/div>\n<\/div>\n\n\n\n<div style=\"height:100px\" aria-hidden=\"true\" class=\"wp-block-spacer\"><\/div>\n\n\n\n<div class=\"wp-block-columns is-layout-flex wp-container-core-columns-is-layout-28f84493 wp-block-columns-is-layout-flex\">\n<div class=\"wp-block-column is-layout-flow wp-block-column-is-layout-flow\">\n<figure class=\"wp-block-image size-large is-resized\"><img loading=\"lazy\" decoding=\"async\" width=\"1024\" height=\"585\" src=\"http:\/\/casaculturaldopovo.org.br\/wp-content\/uploads\/2026\/05\/logo-enff-sem-fundo-1024x585.png\" alt=\"\" class=\"wp-image-99\" style=\"aspect-ratio:1.7505077129153523;width:501px;height:auto\" srcset=\"https:\/\/casaculturaldopovo.org.br\/wp-content\/uploads\/2026\/05\/logo-enff-sem-fundo-1024x585.png 1024w, https:\/\/casaculturaldopovo.org.br\/wp-content\/uploads\/2026\/05\/logo-enff-sem-fundo-300x171.png 300w, https:\/\/casaculturaldopovo.org.br\/wp-content\/uploads\/2026\/05\/logo-enff-sem-fundo-768x439.png 768w, https:\/\/casaculturaldopovo.org.br\/wp-content\/uploads\/2026\/05\/logo-enff-sem-fundo.png 1313w\" sizes=\"auto, (max-width: 1024px) 100vw, 1024px\" \/><\/figure>\n<\/div>\n\n\n\n<div class=\"wp-block-column is-layout-flow wp-block-column-is-layout-flow\">\n<h3 class=\"wp-block-heading\">AAENF<\/h3>\n\n\n\n<p>A Associa\u00e7\u00e3 dos Amigos da Escola Nacional Florestan Ferandes, \u00e9 a entidade que apoia a manuten\u00e7\u00e3o e o desenvolvimento da Escola Nacional Florestan Fernandes (ENFF), contribuindo com projetos de forma\u00e7\u00e3o pol\u00edtica e internacionalista.<\/p>\n\n\n\n<div class=\"wp-block-buttons is-layout-flex wp-block-buttons-is-layout-flex\">\n<div class=\"wp-block-button\"><a class=\"wp-block-button__link wp-element-button\" href=\"https:\/\/www.amigosenff.org.br\/\">Saiba mais<\/a><\/div>\n<\/div>\n<\/div>\n<\/div>\n\n\n\n<div style=\"height:100px\" aria-hidden=\"true\" class=\"wp-block-spacer\"><\/div>\n\n\n\n<div class=\"wp-block-columns is-layout-flex wp-container-core-columns-is-layout-28f84493 wp-block-columns-is-layout-flex\">\n<div class=\"wp-block-column is-layout-flow wp-block-column-is-layout-flow\">\n<h3 class=\"wp-block-heading\">Comunica\u00e7\u00e3o do MST<\/h3>\n\n\n\n<p>Equipe respons\u00e1vel pelas estrat\u00e9gias de comunica\u00e7\u00e3o do Movimento dos Trabalhadores Rurais Sem Terra, articulando campanhas, conte\u00fados, redes sociais, imprensa e linguagem popular.<\/p>\n\n\n\n<div class=\"wp-block-buttons is-layout-flex wp-block-buttons-is-layout-flex\">\n<div class=\"wp-block-button\"><a class=\"wp-block-button__link wp-element-button\" href=\"https:\/\/mst.org.br\/\">Saiba mais<\/a><\/div>\n<\/div>\n<\/div>\n\n\n\n<div class=\"wp-block-column is-layout-flow wp-block-column-is-layout-flow\">\n<figure class=\"wp-block-image aligncenter size-full is-resized\"><img loading=\"lazy\" decoding=\"async\" width=\"640\" height=\"480\" src=\"http:\/\/casaculturaldopovo.org.br\/wp-content\/uploads\/2026\/05\/mst.jpg\" alt=\"\" class=\"wp-image-114\" style=\"aspect-ratio:1.333377217522957;width:393px;height:auto\" srcset=\"https:\/\/casaculturaldopovo.org.br\/wp-content\/uploads\/2026\/05\/mst.jpg 640w, https:\/\/casaculturaldopovo.org.br\/wp-content\/uploads\/2026\/05\/mst-300x225.jpg 300w\" sizes=\"auto, (max-width: 640px) 100vw, 640px\" \/><\/figure>\n<\/div>\n<\/div>\n\n\n\n<div style=\"height:100px\" aria-hidden=\"true\" class=\"wp-block-spacer\"><\/div>\n\n\n\n<div class=\"wp-block-columns is-layout-flex wp-container-core-columns-is-layout-28f84493 wp-block-columns-is-layout-flex\">\n<div class=\"wp-block-column is-layout-flow wp-block-column-is-layout-flow\">\n<figure class=\"wp-block-image aligncenter size-large is-resized\"><img loading=\"lazy\" decoding=\"async\" width=\"1018\" height=\"1024\" src=\"http:\/\/casaculturaldopovo.org.br\/wp-content\/uploads\/2026\/05\/AIP-01-1018x1024.jpg\" alt=\"\" class=\"wp-image-113\" style=\"aspect-ratio:0.994159509202454;width:394px;height:auto\" srcset=\"https:\/\/casaculturaldopovo.org.br\/wp-content\/uploads\/2026\/05\/AIP-01-1018x1024.jpg 1018w, https:\/\/casaculturaldopovo.org.br\/wp-content\/uploads\/2026\/05\/AIP-01-298x300.jpg 298w, https:\/\/casaculturaldopovo.org.br\/wp-content\/uploads\/2026\/05\/AIP-01-150x150.jpg 150w, https:\/\/casaculturaldopovo.org.br\/wp-content\/uploads\/2026\/05\/AIP-01-768x773.jpg 768w, https:\/\/casaculturaldopovo.org.br\/wp-content\/uploads\/2026\/05\/AIP-01-1526x1536.jpg 1526w, https:\/\/casaculturaldopovo.org.br\/wp-content\/uploads\/2026\/05\/AIP-01.jpg 1590w\" sizes=\"auto, (max-width: 1018px) 100vw, 1018px\" \/><\/figure>\n<\/div>\n\n\n\n<div class=\"wp-block-column is-layout-flow wp-block-column-is-layout-flow\">\n<h3 class=\"wp-block-heading\">Assembleia Internacional dos Povos<\/h3>\n\n\n\n<p>A Assembleia Internacional dos Povos (AIP) \u00e9 uma articula\u00e7\u00e3o internacionalista que constr\u00f3i processos de unidade em torno do anti-imperialismo, do anticapitalismo, da defesa da natureza, do feminismo e da solidariedade entre os povos. Mais de 300 organiza\u00e7\u00f5es, movimentos populares, sindicatos e partidos de esquerda pelo mundo constroem a AIP. N\u00f3s nos encontramos por meio da a\u00e7\u00e3o coletiva: mobiliza\u00e7\u00e3o, forma\u00e7\u00e3o pol\u00edtica, pesquisa social e comunica\u00e7\u00e3o para a batalha das ideias.<\/p>\n\n\n\n<div class=\"wp-block-buttons is-layout-flex wp-block-buttons-is-layout-flex\">\n<div class=\"wp-block-button\"><a class=\"wp-block-button__link wp-element-button\">Saiba mais<\/a><\/div>\n<\/div>\n<\/div>\n<\/div>\n","protected":false},"excerpt":{"rendered":"<p>A Casa Carlito Maia \u00e9 um espa\u00e7o multifuncional dispon\u00edvel para organiza\u00e7\u00f5es, movimentos sociais, coletivos e institui\u00e7\u00f5es que buscam um ambiente estruturado para a realiza\u00e7\u00e3o de encontros, eventos e atividades. Com uma proposta que integra cultura, forma\u00e7\u00e3o, comunica\u00e7\u00e3o e trabalho coletivo, a Casa oferece infraestrutura adequada para debates, reuni\u00f5es, forma\u00e7\u00f5es, atividades culturais e processos de articula\u00e7\u00e3o [&hellip;]<\/p>\n","protected":false},"author":1,"featured_media":0,"parent":0,"menu_order":0,"comment_status":"closed","ping_status":"closed","template":"","meta":{"footnotes":""},"class_list":["post-48","page","type-page","status-publish","hentry"],"blocksy_meta":[],"_links":{"self":[{"href":"https:\/\/casaculturaldopovo.org.br\/index.php?rest_route=\/wp\/v2\/pages\/48","targetHints":{"allow":["GET"]}}],"collection":[{"href":"https:\/\/casaculturaldopovo.org.br\/index.php?rest_route=\/wp\/v2\/pages"}],"about":[{"href":"https:\/\/casaculturaldopovo.org.br\/index.php?rest_route=\/wp\/v2\/types\/page"}],"author":[{"embeddable":true,"href":"https:\/\/casaculturaldopovo.org.br\/index.php?rest_route=\/wp\/v2\/users\/1"}],"replies":[{"embeddable":true,"href":"https:\/\/casaculturaldopovo.org.br\/index.php?rest_route=%2Fwp%2Fv2%2Fcomments&post=48"}],"version-history":[{"count":4,"href":"https:\/\/casaculturaldopovo.org.br\/index.php?rest_route=\/wp\/v2\/pages\/48\/revisions"}],"predecessor-version":[{"id":115,"href":"https:\/\/casaculturaldopovo.org.br\/index.php?rest_route=\/wp\/v2\/pages\/48\/revisions\/115"}],"wp:attachment":[{"href":"https:\/\/casaculturaldopovo.org.br\/index.php?rest_route=%2Fwp%2Fv2%2Fmedia&parent=48"}],"curies":[{"name":"wp","href":"https:\/\/api.w.org\/{rel}","templated":true}]}}